{"id":3,"date":"2021-09-15T15:08:35","date_gmt":"2021-09-15T15:08:35","guid":{"rendered":"https:\/\/www.studiomedicolegalecorridoni.it\/prova\/?page_id=3"},"modified":"2021-09-17T14:19:04","modified_gmt":"2021-09-17T14:19:04","slug":"privacy-policy","status":"publish","type":"page","link":"https:\/\/www.studiomedicolegalecorridoni.it\/prova\/privacy-policy\/","title":{"rendered":"Privacy &#038; Cookies Policy"},"content":{"rendered":"<h3><strong>A cosa serve questa pagina?<\/strong><\/h3>\n<p>Il Regolamento Europeo sulla Protezione dei Dati Personali prescrive di informare le persone, in modo semplice e trasparente, qualora si raccolgano i loro dati personali; questa pagina serve a questo scopo.<br \/>Quando lei interagisce con il mio studio medico legale, visitando il sito, contattandomi tramite le varie modalit\u00e0 per richiedere informazioni oppure conferirmi incarichi professionali, vengono raccolti alcuni suoi dati personali.<\/p>\n<p><strong>Chi sono?<\/strong><\/p>\n<p>Io sono il titolare dei suoi dati personali, qualora comunicati con le modalit\u00e0 dapprima indicate: Dott.ssa Federica Corridoni, con studio medico legale in Via Monte Acuto, 12 \u2013 06034 Foligno (PG).<\/p>\n<p><strong>Basi giuridiche del trattamento<\/strong><\/p>\n<p>Tratter\u00f2 i suoi dati personali in modo legittimo, fondandomi su alcune basi giuridiche previste:<\/p>\n<ul>\n<li title=\"\" data-original-title=\"\">con il suo consenso, come per esempio quando lei visita questo sito web, ecc \u2026 ;<\/li>\n<li title=\"\" data-original-title=\"\">per obblighi di legge, come per esempio quando le autorit\u00e0 competenti effettuano richieste o debbo adempiere a normative, ecc \u2026 ;<\/li>\n<li title=\"\" data-original-title=\"\">per obblighi pre-contrattuali e\/o contrattuali, es. quando dar\u00f2 seguito alle sue richieste, per rispondere ad una sua richiesta oppure per adempiere ad un incarico conferito, ecc\u2026 ;<\/li>\n<li title=\"\" data-original-title=\"\">per mio legittimo interesse, per esempio quando debbo valutare le performances del server web, oppure contrastare attivit\u00e0 illecite effettuate contro il sito web, ecc \u2026<\/li>\n<\/ul>\n<p><strong>Dati raccolti automaticamente dal sistema<\/strong><\/p>\n<p>Il server web che pubblica il presente sito, per il suo normale funzionamento, registra automaticamente un log di tutte le connessioni richieste dai vari clients (i browser utilizzati dagli utenti per la navigazione); in relazione al tipo di client ed alla tipologia del dispositivo usato, le informazioni raccolte variano tra le seguenti:<\/p>\n<ul>\n<li title=\"\" data-original-title=\"\">indirizzo internet protocol (IP);<\/li>\n<li title=\"\" data-original-title=\"\">data ed ora;<\/li>\n<li title=\"\" data-original-title=\"\">tipologia di connessione (http-https)<\/li>\n<li title=\"\" data-original-title=\"\">URL destinazione e provenienza;<\/li>\n<li title=\"\" data-original-title=\"\">stringa identificativa del browser e del Sistema Operativo;<\/li>\n<li title=\"\" data-original-title=\"\">codice di stato della connessione;<\/li>\n<li title=\"\" data-original-title=\"\">altre informazioni tecniche e relative ai protocolli informatici.<\/li>\n<\/ul>\n<p>Le suddette informazioni sono raccolte in forma esclusivamente aggregata, al fine di verificare il corretto funzionamento del servizio software e\/o per motivi di sicurezza.<br \/>La normativa vigente riconosce all\u2019indirizzo IP lo status di dato personale; allo stato attuale, non \u00e8 possibile comunque ricondurre un indirizzo IP ad una specifica persona; solo l\u2019autorit\u00e0 giudiziaria potr\u00e0 incaricare organi di polizia delle attivit\u00e0 di identificazione, utilizzando ulteriori dati (es. i log degli internet providers).<\/p>\n<p><strong>Cookie e altri sistemi di tracciamento<\/strong><\/p>\n<p>Informo i visitatori di questo sito che i sistemi ed il software di gestione non utilizzano assolutamente cookies di terze parti o di profilazione, ma esclusivamente cookies di natura tecnica o funzionale.<br \/>Per tale motivo, non \u00e8 necessario presentare il banner informativo ne ottenere il consenso al trattamento, ma solo informare i visitatori.<\/p>\n<p>Si informa inoltre che il cookie \u00e8 un piccolo file di testo, generato e gestito direttamente dal vostro browser, a seguito di istruzioni ricevute dal webserver e\/o dal codice html (javascript o altro) della pagina visitata; qualora vogliate evitare qualsiasi cookie, \u00e8 possibile impostare il vostro browser per non utilizzare cookies, seguendo una delle tante guide presenti in Internet.<br \/>Questo sito \u00e8 stato progettato per essere il pi\u00f9 possibile fruibile anche senza utilizzare cookies.<\/p>\n<p><strong>Dati conferiti volontariamente<\/strong><\/p>\n<p>Lo studio medico legale, quando contattato tramite telefono oppure messaggio di posta elettronica, sms o altro sistema, acquisiamo alcuni dati personali, come per esempio il numero di telefono oppure l\u2019indirizzo e-mail ed altri dati personali volontariamente conferiti.<\/p>\n<p><strong>Consenso e conseguenze del rifiuto<\/strong><\/p>\n<p>Il conferimento dei dati \u00e8, in linea teorica, facoltativo; per i dati raccolti dal server web, ovviamente essi sono raccolti automaticamente; per gli altri dati, l\u2019utente pu\u00f2 paradossalmente negare il consenso; ci\u00f2 comporta l\u2019impossibilit\u00e0 di effettuare le attivit\u00e0 richieste.<br \/>Si informa che il consenso prestato pu\u00f2 essere revocato in qualsiasi momento, inviando una richiesta ai riferimenti indicati al termine; si tenga comunque conto che la revoca del consenso non inficia la validit\u00e0 dei trattamenti precedentemente effettuati e che alcuni dati personali potrebbero comunque essere necessari per adempiere ad obblighi di legge (per esempio mantenere la documentazione fiscale per 10 anni).<\/p>\n<p><strong>Condivisione dei suoi dati personali<\/strong><\/p>\n<p>La mia attivit\u00e0 \u00e8 coperta dal segreto professionale; pertanto non comunicher\u00f2 le informazioni che lei mi ha conferito con soggetti terzi non qualificati, in violazione del segreto professionale e del Regolamento sulla protezione dei dati personali.<br \/>I suoi dati, limitatamente a quelli minimi necessari, potranno essere resi accessibili:<\/p>\n<ul>\n<li title=\"\" data-original-title=\"\">ad incaricati del trattamento interni allo Studio Medico Legale;<\/li>\n<li title=\"\" data-original-title=\"\">a professionisti e\/o medici esterni, qualora ci\u00f2 sia necessario per espletare il mandato ricevuto;<\/li>\n<li title=\"\" data-original-title=\"\">a qualificati soggetti esterni incaricati che svolgono attivit\u00e0 in outsourcing (es. lo studio commerciale, ecc\u2026).<\/li>\n<\/ul>\n<p>I suoi dati personali non saranno diffusi, n\u00e9 ceduti a terzi.<\/p>\n<p><strong>Trasferimento di dati in paesi extra UE<\/strong><\/p>\n<p>Attualmente non \u00e8 previsto il trasferimento di dati personali al di fuori dello spazio UE.<\/p>\n<p><strong>Protezione dei dati e misure di sicurezza<\/strong><\/p>\n<p>Il mio studio medico legale tratta i dati degli interessati in maniera lecita e corretta, adottando opportune misure di sicurezza volte ad impedire accessi non autorizzati, divulgazione, modifica o distruzione non autorizzata dei dati. Il trattamento viene effettuato mediante strumenti cartacei, informatici e\/o telematici, con modalit\u00e0 organizzative adeguate e con logiche strettamente correlate alle finalit\u00e0 indicate.<\/p>\n<p><strong>Tempo di conservazione dei dati<\/strong><\/p>\n<p>Conserviamo i dati per il tempo minimo necessario alle finalit\u00e0 per le quali essi sono raccolti. Per quanto riguarda i dati raccolti dal web server, essi sono conservati per un periodo di tempo non superiore a 7 giorni, salvo richieste da eventuali attivit\u00e0 giudiziarie.<br \/>I dati relativi a richieste che non hanno avuto seguito saranno conservati per 90 giorni.<br \/>I dati relativi ad attivit\u00e0 effettuate oppure espletate, e necessari ad adempiere ad obblighi di legge, amministrativi e\/o fiscali, saranno conservati per il tempo dovuto (di norma 10 anni).<\/p>\n<p><strong>I suoi diritti<\/strong><\/p>\n<p>Lei ha il diritto di ottenere, nei casi previsti, l\u2019accesso ai suoi dati personali, la rettifica o la cancellazione degli stessi o la limitazione del trattamento che li riguarda o di opporsi al trattamento. Per esercitare tali diritti potr\u00e0 contattarmi tramite posta convenzionale, oppure tramite e-mail all\u2019indirizzo\u00a0<a href=\"mailto:privacy@smlcorridoni.it\">privacy@smlcorridoni.it<\/a>.<br \/>Qualora non sia soddisfatto, ha anche il diritto di presentare un reclamo alla Autorit\u00e0 di Controllo Nazionale.<\/p>\n<p><strong>Titolare del trattamento<\/strong><\/p>\n<p>Titolare del trattamento \u00e8 lo Studio Medico Legale Dott.ssa Federica Corridoni, Via Monte Acuto, 12 \u2013 06034 Foligno (PG), contattabile tramite i riferimenti del presente sito.<\/p>\n<p><strong>Responsabili esterni del Trattamento<\/strong><\/p>\n<p>Il cloud\/service\/hosting provider Aruba spa, \u00e8 nominato responsabile del trattamento, elaborando i dati per conto del titolare; esso si trova nello spazio Europeo e agisce in conformit\u00e0 delle norme europee.<\/p>\n<p><strong>Aggiornamenti della informativa<\/strong><\/p>\n<p>Questa informativa potr\u00e0 subire modifiche nel tempo.<\/p>\n<p><em>Ultimo aggiornamento: 24 maggio 2018<\/em><\/p>\n","protected":false},"excerpt":{"rendered":"<p>A cosa serve questa pagina? Il Regolamento Europeo sulla Protezione dei Dati Personali prescrive di informare le persone, in modo semplice e trasparente, qualora si raccolgano i loro dati personali; questa pagina serve a questo scopo.Quando lei interagisce con il mio studio medico legale, visitando il sito, contattandomi tramite le varie modalit\u00e0 per richiedere informazioni&hellip;<\/p>\n","protected":false},"author":1,"featured_media":0,"parent":0,"menu_order":0,"comment_status":"closed","ping_status":"open","template":"","meta":{"footnotes":""},"class_list":["post-3","page","type-page","status-publish","hentry","description-off"],"_links":{"self":[{"href":"https:\/\/www.studiomedicolegalecorridoni.it\/prova\/wp-json\/wp\/v2\/pages\/3","targetHints":{"allow":["GET"]}}],"collection":[{"href":"https:\/\/www.studiomedicolegalecorridoni.it\/prova\/wp-json\/wp\/v2\/pages"}],"about":[{"href":"https:\/\/www.studiomedicolegalecorridoni.it\/prova\/wp-json\/wp\/v2\/types\/page"}],"author":[{"embeddable":true,"href":"https:\/\/www.studiomedicolegalecorridoni.it\/prova\/wp-json\/wp\/v2\/users\/1"}],"replies":[{"embeddable":true,"href":"https:\/\/www.studiomedicolegalecorridoni.it\/prova\/wp-json\/wp\/v2\/comments?post=3"}],"version-history":[{"count":1,"href":"https:\/\/www.studiomedicolegalecorridoni.it\/prova\/wp-json\/wp\/v2\/pages\/3\/revisions"}],"predecessor-version":[{"id":1539,"href":"https:\/\/www.studiomedicolegalecorridoni.it\/prova\/wp-json\/wp\/v2\/pages\/3\/revisions\/1539"}],"wp:attachment":[{"href":"https:\/\/www.studiomedicolegalecorridoni.it\/prova\/wp-json\/wp\/v2\/media?parent=3"}],"curies":[{"name":"wp","href":"https:\/\/api.w.org\/{rel}","templated":true}]}}